{"id":104,"date":"2018-05-12T12:26:09","date_gmt":"2018-05-12T12:26:09","guid":{"rendered":"https:\/\/sammutin.kotkantietokoneapu.fi\/?page_id=2"},"modified":"2025-01-30T08:42:06","modified_gmt":"2025-01-30T08:42:06","slug":"about","status":"publish","type":"page","link":"https:\/\/kotkansammutinhuolto.fi\/","title":{"rendered":"Etusivu"},"content":{"rendered":"<div class=\"madpages_component \" data-kskpage-component-id=\"\">\n<div class=\"kskpage_text_comp\">\n<div id=\"madpages_element_paragraph_1_kskpage_1\" class=\"madpages_element madpages_paragraph\n          \" data-ksk-type=\"paragraph\" data-ksk-el-id=\"1_kskpage_1\">\n<p>\u00a0<\/p>\n<p>Yritys on toiminut Kotkassa vuodesta 1989 l\u00e4htien. Toimintaperiaatteena on tarjota henkil\u00f6kohtaista asiakaspalvelua joustavina aukioloaikoina.<\/p>\n<p>Yrityksen vastuuhenkil\u00f6 on suorittanut sis\u00e4asiainministeri\u00f6n m\u00e4\u00e4ritt\u00e4m\u00e4n k\u00e4sisammuttimien huoltotutkinnon.<\/p>\n<p>Avoinna\u00a0 maanantai- torstai 8 &#8211; 16, perjantai 8 &#8211; 14<\/p>\n<p>\u00a0<\/p>\n<p><span style=\"font-family: 'Josefin Sans'; font-size: 32px; font-weight: 600;\">Meilt\u00e4 nyt my\u00f6s Woikoski-kaasut!<\/span><\/p>\n<\/div>\n<\/div>\n<\/div>\n<div class=\"madpages_component ksk_no_margins\" data-kskpage-component-id=\"\">\n<div class=\"kskpage_text_comp\">\n<div id=\"madpages_element_paragraph_3_kskpage_1\" class=\"madpages_element madpages_paragraph\n          \" data-ksk-type=\"paragraph\" data-ksk-el-id=\"3_kskpage_1\">\n<p>\u00a0<\/p>\n<pre><a href=\"https:\/\/kotkansammutinhuolto.fi\/index.php\/woikoski-kaasumyynti\/\">Tutustu t\u00e4st\u00e4<\/a><\/pre>\n<\/div>\n<\/div>\n<\/div>\n<div class=\"madpages_component ksk_no_margins\" data-kskpage-component-id=\"\">\n<blockquote>\n<div class=\"madpages_image_container\n        \"><strong>Sammutimet vapaa-ajan, koti, veneily sek\u00e4 ty\u00f6k\u00e4ytt\u00f6\u00f6n.<\/strong><\/div>\n<\/blockquote>\n<\/div>\n\n<div class=\"wp-block-image\">\n<figure class=\"alignleft size-large is-resized\"><img decoding=\"async\" loading=\"lazy\" src=\"https:\/\/kotkansammutinhuolto.fi\/wp-content\/uploads\/2022\/03\/IMG_20220316_161825-669x1024.jpg\" alt=\"\" class=\"wp-image-197\" width=\"336\" height=\"515\" srcset=\"https:\/\/kotkansammutinhuolto.fi\/wp-content\/uploads\/2022\/03\/IMG_20220316_161825-669x1024.jpg 669w, https:\/\/kotkansammutinhuolto.fi\/wp-content\/uploads\/2022\/03\/IMG_20220316_161825-196x300.jpg 196w, https:\/\/kotkansammutinhuolto.fi\/wp-content\/uploads\/2022\/03\/IMG_20220316_161825-768x1176.jpg 768w, https:\/\/kotkansammutinhuolto.fi\/wp-content\/uploads\/2022\/03\/IMG_20220316_161825-1003x1536.jpg 1003w, https:\/\/kotkansammutinhuolto.fi\/wp-content\/uploads\/2022\/03\/IMG_20220316_161825-1337x2048.jpg 1337w, https:\/\/kotkansammutinhuolto.fi\/wp-content\/uploads\/2022\/03\/IMG_20220316_161825-scaled.jpg 1672w\" sizes=\"(max-width: 336px) 100vw, 336px\" \/><\/figure><\/div>","protected":false},"excerpt":{"rendered":"<p>\u00a0 Yritys on toiminut Kotkassa vuodesta 1989 l\u00e4htien. Toimintaperiaatteena on tarjota henkil\u00f6kohtaista asiakaspalvelua joustavina aukioloaikoina. Yrityksen vastuuhenkil\u00f6 on suorittanut sis\u00e4asiainministeri\u00f6n&hellip;<\/p>\n","protected":false},"author":1,"featured_media":0,"parent":0,"menu_order":0,"comment_status":"closed","ping_status":"open","template":"","meta":[],"_links":{"self":[{"href":"https:\/\/kotkansammutinhuolto.fi\/index.php\/wp-json\/wp\/v2\/pages\/104"}],"collection":[{"href":"https:\/\/kotkansammutinhuolto.fi\/index.php\/wp-json\/wp\/v2\/pages"}],"about":[{"href":"https:\/\/kotkansammutinhuolto.fi\/index.php\/wp-json\/wp\/v2\/types\/page"}],"author":[{"embeddable":true,"href":"https:\/\/kotkansammutinhuolto.fi\/index.php\/wp-json\/wp\/v2\/users\/1"}],"replies":[{"embeddable":true,"href":"https:\/\/kotkansammutinhuolto.fi\/index.php\/wp-json\/wp\/v2\/comments?post=104"}],"version-history":[{"count":15,"href":"https:\/\/kotkansammutinhuolto.fi\/index.php\/wp-json\/wp\/v2\/pages\/104\/revisions"}],"predecessor-version":[{"id":323,"href":"https:\/\/kotkansammutinhuolto.fi\/index.php\/wp-json\/wp\/v2\/pages\/104\/revisions\/323"}],"wp:attachment":[{"href":"https:\/\/kotkansammutinhuolto.fi\/index.php\/wp-json\/wp\/v2\/media?parent=104"}],"curies":[{"name":"wp","href":"https:\/\/api.w.org\/{rel}","templated":true}]}}