{"id":32,"date":"2021-01-29T14:56:40","date_gmt":"2021-01-29T14:56:40","guid":{"rendered":"https:\/\/sammutin.kotkantietokoneapu.fi\/?page_id=32"},"modified":"2026-01-09T07:08:38","modified_gmt":"2026-01-09T07:08:38","slug":"sammuttimet-fire-extinguishers","status":"publish","type":"page","link":"https:\/\/kotkansammutinhuolto.fi\/index.php\/sammuttimet-fire-extinguishers\/","title":{"rendered":"Sammuttimet &#8211; Fire extinguishers"},"content":{"rendered":"\n<p><em>&nbsp;<\/em><\/p>\n\n\n\n<p>Kotkan Sammutinhuolto myy ja huoltaa jauhe-, neste-, vaahto- ja hiilidioksidisammuttimia. Meilt\u00e4 saat yleisimm\u00e4t k\u00e4sisammuttimet.<\/p>\n\n\n\n<p>.My\u00f6s sammutuspeitteet ja palohvaroittimet l\u00f6ytyv\u00e4t valikoimista.<\/p>\n\n\n\n<p>Hintamme sis\u00e4lt\u00e4v\u00e4t arvonlis\u00e4veron 25,5 %. Suuremmissa m\u00e4\u00e4riss\u00e4 pyyd\u00e4 tarjous.<em>&nbsp;<\/em><\/p>\n\n\n\n<h2 id=\"madpages_element_title_3_kskpage_1\">Hinnasto, muut tuotteet  <\/h2>\n\n\n\n<p><em>&nbsp;<\/em><\/p>\n\n\n\n<div class=\"is-layout-flex wp-container-5 wp-block-columns\">\n<div class=\"is-layout-flow wp-block-column\" style=\"flex-basis:25%\"><\/div>\n\n\n\n<div class=\"is-layout-flow wp-block-column\" style=\"flex-basis:25%\"><\/div>\n\n\n\n<div class=\"is-layout-flow wp-block-column\" style=\"flex-basis:25%\"><\/div>\n\n\n\n<div class=\"is-layout-flow wp-block-column\" style=\"flex-basis:25%\"><\/div>\n<\/div>\n\n\n\n<figure class=\"wp-block-table\"><table><tbody><tr><td>Tuote<\/td><td><strong>Hinta<\/strong><\/td><td><strong>Rullahinta<\/strong><\/td><\/tr><tr><td>Co2-Suojakaasupullo 6Kg<\/td><td>195,00 \u20ac<\/td><td><\/td><\/tr><tr><td>Co2-Suojakaasupullo 15Kg<\/td><td>295,00 \u20ac<\/td><td><\/td><\/tr><tr><td>Tulity\u00f6kangas<\/td><td>25,00 \u20ac \/ m<\/td><td><\/td><\/tr><tr><td>Sammutuspeite 120 x 80 cm<\/td><td>15,00 \u20ac<\/td><td><\/td><\/tr><tr><td>Sammuttimen tarkastus 2- 3 kg<\/td><td>12,00 \u20ac<\/td><td><\/td><\/tr><tr><td>Sammuttimen tarkastus 6 kg<\/td><td>15,50 \u20ac<\/td><td><\/td><\/tr><tr><td>Sammuttimen tarkastus 12 kg<\/td><td>17,00 \u20ac<\/td><td><\/td><\/tr><tr><td>C02 sammuttimen tarkastus 5 kg<\/td><td>15,50 \u20ac<\/td><td><\/td><\/tr><\/tbody><\/table><\/figure>\n\n\n\n<h2><\/h2>\n\n\n\n<p><em>&nbsp;<\/em><\/p>\n","protected":false},"excerpt":{"rendered":"<p>&nbsp; Kotkan Sammutinhuolto myy ja huoltaa jauhe-, neste-, vaahto- ja hiilidioksidisammuttimia. Meilt\u00e4 saat yleisimm\u00e4t k\u00e4sisammuttimet. .My\u00f6s sammutuspeitteet ja palohvaroittimet l\u00f6ytyv\u00e4t&hellip;<\/p>\n","protected":false},"author":1,"featured_media":0,"parent":0,"menu_order":0,"comment_status":"closed","ping_status":"closed","template":"","meta":[],"_links":{"self":[{"href":"https:\/\/kotkansammutinhuolto.fi\/index.php\/wp-json\/wp\/v2\/pages\/32"}],"collection":[{"href":"https:\/\/kotkansammutinhuolto.fi\/index.php\/wp-json\/wp\/v2\/pages"}],"about":[{"href":"https:\/\/kotkansammutinhuolto.fi\/index.php\/wp-json\/wp\/v2\/types\/page"}],"author":[{"embeddable":true,"href":"https:\/\/kotkansammutinhuolto.fi\/index.php\/wp-json\/wp\/v2\/users\/1"}],"replies":[{"embeddable":true,"href":"https:\/\/kotkansammutinhuolto.fi\/index.php\/wp-json\/wp\/v2\/comments?post=32"}],"version-history":[{"count":14,"href":"https:\/\/kotkansammutinhuolto.fi\/index.php\/wp-json\/wp\/v2\/pages\/32\/revisions"}],"predecessor-version":[{"id":341,"href":"https:\/\/kotkansammutinhuolto.fi\/index.php\/wp-json\/wp\/v2\/pages\/32\/revisions\/341"}],"wp:attachment":[{"href":"https:\/\/kotkansammutinhuolto.fi\/index.php\/wp-json\/wp\/v2\/media?parent=32"}],"curies":[{"name":"wp","href":"https:\/\/api.w.org\/{rel}","templated":true}]}}