{"id":73,"date":"2021-01-30T11:02:21","date_gmt":"2021-01-30T11:02:21","guid":{"rendered":"https:\/\/sammutin.kotkantietokoneapu.fi\/?page_id=73"},"modified":"2025-03-18T07:55:11","modified_gmt":"2025-03-18T07:55:11","slug":"yritys","status":"publish","type":"page","link":"https:\/\/kotkansammutinhuolto.fi\/index.php\/yritys\/","title":{"rendered":"Yritys"},"content":{"rendered":"<div class=\"madpages_component ksk_no_margins\" data-kskpage-component-id=\"\">\n<div class=\"madpage_youtube\n\t      \"><\/div>\n<\/div>\n<div class=\"madpages_component ksk_no_margins\" data-kskpage-component-id=\"\">\n<div class=\"madpage_youtube\n\t      \"><\/div>\n<!-- \/wp:embed -->\n\n<!-- wp:heading {\"level\":1} -->\n<h1 id=\"madpages_element_title_2_kskpage_1\">Kotkan Sammutinhuolto yrityksen\u00e4<\/h1>\n<!-- \/wp:heading -->\n\n<!-- wp:paragraph -->\n\n<em>&nbsp;<\/em>\n\n<!-- \/wp:paragraph -->\n\n<!-- wp:image -->\n<figure class=\"wp-block-image\"><img decoding=\"async\" loading=\"lazy\" class=\" wp-image-133 alignleft\" src=\"https:\/\/kotkansammutinhuolto.fi\/wp-content\/uploads\/2021\/06\/tukestodistus22-221x300.png\" alt=\"\" width=\"188\" height=\"255\" srcset=\"https:\/\/kotkansammutinhuolto.fi\/wp-content\/uploads\/2021\/06\/tukestodistus22-221x300.png 221w, https:\/\/kotkansammutinhuolto.fi\/wp-content\/uploads\/2021\/06\/tukestodistus22.png 400w\" sizes=\"(max-width: 188px) 100vw, 188px\" \/><\/figure>\n<!-- \/wp:image -->\n\n<!-- wp:paragraph -->\n\nYrityksen liiketoiminta alkoi Kotkassa vuonna 1989. Vastuuhenkil\u00f6n\u00e4 toimii Kari Miikkulainen.\n\n<!-- \/wp:paragraph -->\n\n<!-- wp:paragraph -->\n\n<!-- \/wp:paragraph -->\n\n<!-- wp:heading -->\n<h2><\/h2>\n<h2><\/h2>\n<h2><\/h2>\n<h2 id=\"madpages_element_title_4_kskpage_1\">Kotkan Sammutinhuolto maalla ja merell\u00e4<em>&nbsp;<\/em><\/h2>\n<!-- \/wp:heading -->\n\n<!-- wp:paragraph -->\n\n<!-- \/wp:paragraph -->\n\n<!-- wp:paragraph -->\n\n<!-- \/wp:paragraph -->\n\n<\/div>","protected":false},"excerpt":{"rendered":"<p>Kotkan Sammutinhuolto yrityksen\u00e4 &nbsp; Yrityksen liiketoiminta alkoi Kotkassa vuonna 1989. Vastuuhenkil\u00f6n\u00e4 toimii Kari Miikkulainen. Kotkan Sammutinhuolto maalla ja merell\u00e4&nbsp;<\/p>\n","protected":false},"author":1,"featured_media":0,"parent":0,"menu_order":0,"comment_status":"closed","ping_status":"closed","template":"","meta":[],"_links":{"self":[{"href":"https:\/\/kotkansammutinhuolto.fi\/index.php\/wp-json\/wp\/v2\/pages\/73"}],"collection":[{"href":"https:\/\/kotkansammutinhuolto.fi\/index.php\/wp-json\/wp\/v2\/pages"}],"about":[{"href":"https:\/\/kotkansammutinhuolto.fi\/index.php\/wp-json\/wp\/v2\/types\/page"}],"author":[{"embeddable":true,"href":"https:\/\/kotkansammutinhuolto.fi\/index.php\/wp-json\/wp\/v2\/users\/1"}],"replies":[{"embeddable":true,"href":"https:\/\/kotkansammutinhuolto.fi\/index.php\/wp-json\/wp\/v2\/comments?post=73"}],"version-history":[{"count":13,"href":"https:\/\/kotkansammutinhuolto.fi\/index.php\/wp-json\/wp\/v2\/pages\/73\/revisions"}],"predecessor-version":[{"id":335,"href":"https:\/\/kotkansammutinhuolto.fi\/index.php\/wp-json\/wp\/v2\/pages\/73\/revisions\/335"}],"wp:attachment":[{"href":"https:\/\/kotkansammutinhuolto.fi\/index.php\/wp-json\/wp\/v2\/media?parent=73"}],"curies":[{"name":"wp","href":"https:\/\/api.w.org\/{rel}","templated":true}]}}