{"id":77,"date":"2021-01-30T11:02:57","date_gmt":"2021-01-30T11:02:57","guid":{"rendered":"https:\/\/sammutin.kotkantietokoneapu.fi\/?page_id=77"},"modified":"2023-02-27T14:20:32","modified_gmt":"2023-02-27T14:20:32","slug":"toiminta","status":"publish","type":"page","link":"https:\/\/kotkansammutinhuolto.fi\/index.php\/toiminta\/","title":{"rendered":"Toiminta"},"content":{"rendered":"\n<figure class=\"wp-block-image size-large\"><img decoding=\"async\" loading=\"lazy\" width=\"301\" height=\"200\" src=\"https:\/\/kotkansammutinhuolto.fi\/wp-content\/uploads\/2021\/06\/ylaosa2-1.png\" alt=\"\" class=\"wp-image-164\"\/><\/figure>\n\n\n\n<p><em>&nbsp;<\/em><\/p>\n\n\n\n<h1 id=\"madpages_element_title_2_kskpage_1\">Toimintamme<\/h1>\n\n\n\n<p><em>&nbsp;<\/em><\/p>\n\n\n\n<h2 id=\"madpages_element_title_3_kskpage_1\">Alkusammutuskaluston myynti ja huolto, Pikapalopostien huolto<\/h2>\n\n\n\n<p><em>&nbsp;<\/em><\/p>\n\n\n\n<p>Sammuttimien huolto ja tarkastus voidaan suorittaa toimipaikalla, sek\u00e4 kohteessa (venerannat, alukset).<\/p>\n\n\n\n<p>Palvelu on joustavaa. Huollot ja tarkastukset voidaan suorittaa sopimuksen mukaan my\u00f6s iltaisin ja viikonloppuisin.<\/p>\n\n\n\n<p>Sammuttimien ja paloturvallisuuskaluston hankkiminen&nbsp;<strong>K<\/strong><strong>otkan Sammutinhuollosta takaa laadun ja huoltovarmuuden.<\/strong><em>&nbsp;<\/em><\/p>\n\n\n\n<h2 id=\"madpages_element_title_5_kskpage_1\">Alusten sammuttimien ja Co2-j\u00e4rjestelmien tarkastus.<\/h2>\n\n\n\n<p><em>&nbsp;<\/em><\/p>\n\n\n\n<h2 id=\"madpages_element_title_7_kskpage_1\">Sammuttimien tarkastuksesta<\/h2>\n\n\n\n<p><em>&nbsp;<\/em><\/p>\n\n\n\n<p>K\u00e4sisammuttimet tulisi tarkastaa 1-2 vuoden v\u00e4lein sijaintipaikasta riippuen<\/p>\n\n\n\n<ul>\n<li>Sis\u00e4tiloissa, miss\u00e4 ei s\u00e4ilytet\u00e4 syttymisherkki\u00e4 tuotteita, tarkastusv\u00e4li on 2 vuotta.<\/li>\n\n\n\n<li>Veneiden, matkailuautojen sek\u00e4 -vaunujen sammuttimien tarkastusv\u00e4li on 1 vuosi.<\/li>\n\n\n\n<li>Linja-autojen sammuttimien tarkastusv\u00e4li on 1 vuosi.<\/li>\n\n\n\n<li>VAK-autot, esim. \u00f6ljy- yms. vaarallisten aineiden kuljetusajoneuvojen sammuttimien tarkastusv\u00e4li on 1 vuosi.<\/li>\n<\/ul>\n\n\n\n<p>Paineastia-asetuksen mukaan sammuttimet tulee katsastaa 10 vuoden v\u00e4lein.<\/p>\n","protected":false},"excerpt":{"rendered":"<p>&nbsp; Toimintamme &nbsp; Alkusammutuskaluston myynti ja huolto, Pikapalopostien huolto &nbsp; Sammuttimien huolto ja tarkastus voidaan suorittaa toimipaikalla, sek\u00e4 kohteessa (venerannat,&hellip;<\/p>\n","protected":false},"author":1,"featured_media":0,"parent":0,"menu_order":0,"comment_status":"closed","ping_status":"closed","template":"","meta":[],"_links":{"self":[{"href":"https:\/\/kotkansammutinhuolto.fi\/index.php\/wp-json\/wp\/v2\/pages\/77"}],"collection":[{"href":"https:\/\/kotkansammutinhuolto.fi\/index.php\/wp-json\/wp\/v2\/pages"}],"about":[{"href":"https:\/\/kotkansammutinhuolto.fi\/index.php\/wp-json\/wp\/v2\/types\/page"}],"author":[{"embeddable":true,"href":"https:\/\/kotkansammutinhuolto.fi\/index.php\/wp-json\/wp\/v2\/users\/1"}],"replies":[{"embeddable":true,"href":"https:\/\/kotkansammutinhuolto.fi\/index.php\/wp-json\/wp\/v2\/comments?post=77"}],"version-history":[{"count":3,"href":"https:\/\/kotkansammutinhuolto.fi\/index.php\/wp-json\/wp\/v2\/pages\/77\/revisions"}],"predecessor-version":[{"id":249,"href":"https:\/\/kotkansammutinhuolto.fi\/index.php\/wp-json\/wp\/v2\/pages\/77\/revisions\/249"}],"wp:attachment":[{"href":"https:\/\/kotkansammutinhuolto.fi\/index.php\/wp-json\/wp\/v2\/media?parent=77"}],"curies":[{"name":"wp","href":"https:\/\/api.w.org\/{rel}","templated":true}]}}