{"id":80,"date":"2021-01-30T11:03:41","date_gmt":"2021-01-30T11:03:41","guid":{"rendered":"https:\/\/sammutin.kotkantietokoneapu.fi\/?page_id=80"},"modified":"2026-05-07T09:05:32","modified_gmt":"2026-05-07T09:05:32","slug":"ajankohtaista","status":"publish","type":"page","link":"https:\/\/kotkansammutinhuolto.fi\/index.php\/ajankohtaista\/","title":{"rendered":"Ajankohtaista"},"content":{"rendered":"\n<p>Olemme avanneet palvelupisteen my\u00f6s Inkeroisiin.<\/p>\n\n\n\n<p>Palvelemme siell\u00e4 torstaisin 8 &#8211; 16.<\/p>\n\n\n\n<p>Osoite P\u00e4\u00e4tie 16<\/p>\n\n\n\n<p>Inkeroinen<\/p>\n\n\n\n<p>Sammutinhuolto odottaessa.<\/p>\n\n\n\n<p>Tervetuloa!<\/p>\n\n\n\n<figure class=\"wp-block-image size-full is-resized\"><img decoding=\"async\" loading=\"lazy\" src=\"https:\/\/kotkansammutinhuolto.fi\/wp-content\/uploads\/2024\/04\/image-1.png\" alt=\"\" class=\"wp-image-281\" width=\"268\" height=\"268\" srcset=\"https:\/\/kotkansammutinhuolto.fi\/wp-content\/uploads\/2024\/04\/image-1.png 195w, https:\/\/kotkansammutinhuolto.fi\/wp-content\/uploads\/2024\/04\/image-1-150x150.png 150w\" sizes=\"(max-width: 268px) 100vw, 268px\" \/><figcaption class=\"wp-element-caption\"><strong>Nestekaasukampanja <\/strong><\/figcaption><\/figure>\n\n\n\n<figure class=\"wp-block-image size-full\"><img decoding=\"async\" loading=\"lazy\" width=\"577\" height=\"325\" src=\"https:\/\/kotkansammutinhuolto.fi\/wp-content\/uploads\/2024\/04\/image-4.png\" alt=\"\" class=\"wp-image-288\" srcset=\"https:\/\/kotkansammutinhuolto.fi\/wp-content\/uploads\/2024\/04\/image-4.png 577w, https:\/\/kotkansammutinhuolto.fi\/wp-content\/uploads\/2024\/04\/image-4-300x169.png 300w\" sizes=\"(max-width: 577px) 100vw, 577px\" \/><\/figure>\n\n\n\n<p><\/p>\n\n\n\n<p><\/p>\n\n\n\n<p><\/p>\n\n\n\n<p><strong>Nestekaasujen vaihto<\/strong><\/p>\n\n\n\n<p>11 Kg  Ter\u00e4spullo  PV ja KV                        35,50 \u20ac<\/p>\n\n\n\n<p>  5 kg   Ter\u00e4spullo PV                                  27,00 \u20ac<\/p>\n\n\n\n<p>  2 kg    Ter\u00e4spullo PV                                 27,90 \u20ac<\/p>\n\n\n\n<p> 10 kg  Komposiittipullo                             35,50 \u20ac<\/p>\n\n\n\n<p>   5 kg   Komposiittipullo                             27,00 \u20ac<\/p>\n\n\n\n<p> 33 kg  Ter\u00e4spullo                                      101,00 \u20ac<\/p>\n\n\n\n<p><strong>Moottorikaasujen vaihto<\/strong><\/p>\n\n\n\n<p>11 kg Alumiini- ja ter\u00e4spullo                     37,00 \u20ac<\/p>\n\n\n\n<p> 10 kg Komposiittiipullo                            50,00 \u20ac<\/p>\n\n\n\n<p>Hinnat sis alv 25,5 %<\/p>\n\n\n\n<p><\/p>\n\n\n\n<p><\/p>\n\n\n\n<p><\/p>\n\n\n\n<p><\/p>\n\n\n\n<p><\/p>\n\n\n\n<p><\/p>\n\n\n\n<p><img decoding=\"async\" src=\"https:\/\/www.kotkansammutinhuolto.fi\/api\/thumbnail?img=\/files\/kotkansammutinhuolto.kotisivukone.com\/pekan_uusi_paikka.JPG&amp;width=739\" alt=\"\"><\/p>\n\n\n\n<p><\/p>\n","protected":false},"excerpt":{"rendered":"<p>Olemme avanneet palvelupisteen my\u00f6s Inkeroisiin. Palvelemme siell\u00e4 torstaisin 8 &#8211; 16. Osoite P\u00e4\u00e4tie 16 Inkeroinen Sammutinhuolto odottaessa. Tervetuloa! Nestekaasujen vaihto&hellip;<\/p>\n","protected":false},"author":1,"featured_media":0,"parent":0,"menu_order":0,"comment_status":"closed","ping_status":"closed","template":"","meta":[],"_links":{"self":[{"href":"https:\/\/kotkansammutinhuolto.fi\/index.php\/wp-json\/wp\/v2\/pages\/80"}],"collection":[{"href":"https:\/\/kotkansammutinhuolto.fi\/index.php\/wp-json\/wp\/v2\/pages"}],"about":[{"href":"https:\/\/kotkansammutinhuolto.fi\/index.php\/wp-json\/wp\/v2\/types\/page"}],"author":[{"embeddable":true,"href":"https:\/\/kotkansammutinhuolto.fi\/index.php\/wp-json\/wp\/v2\/users\/1"}],"replies":[{"embeddable":true,"href":"https:\/\/kotkansammutinhuolto.fi\/index.php\/wp-json\/wp\/v2\/comments?post=80"}],"version-history":[{"count":23,"href":"https:\/\/kotkansammutinhuolto.fi\/index.php\/wp-json\/wp\/v2\/pages\/80\/revisions"}],"predecessor-version":[{"id":347,"href":"https:\/\/kotkansammutinhuolto.fi\/index.php\/wp-json\/wp\/v2\/pages\/80\/revisions\/347"}],"wp:attachment":[{"href":"https:\/\/kotkansammutinhuolto.fi\/index.php\/wp-json\/wp\/v2\/media?parent=80"}],"curies":[{"name":"wp","href":"https:\/\/api.w.org\/{rel}","templated":true}]}}