{"id":84,"date":"2021-01-30T11:07:59","date_gmt":"2021-01-30T11:07:59","guid":{"rendered":"https:\/\/sammutin.kotkantietokoneapu.fi\/?page_id=84"},"modified":"2021-06-16T14:25:20","modified_gmt":"2021-06-16T14:25:20","slug":"sammutimen-valinta","status":"publish","type":"page","link":"https:\/\/kotkansammutinhuolto.fi\/index.php\/sammutimen-valinta\/","title":{"rendered":"Sammutimen valinta"},"content":{"rendered":"\n<figure class=\"wp-block-image size-large\"><img decoding=\"async\" loading=\"lazy\" width=\"301\" height=\"200\" src=\"https:\/\/kotkansammutinhuolto.fi\/wp-content\/uploads\/2021\/06\/ylaosa2.png\" alt=\"\" class=\"wp-image-146\"\/><\/figure>\n\n\n\n<p><em>&nbsp;<\/em><\/p>\n\n\n\n<h1 id=\"madpages_element_title_2_kskpage_1\">Sammuttimen valintataulukko<\/h1>\n\n\n\n<p><em>&nbsp;<\/em><\/p>\n\n\n\n<p>Alla olevasta taulukosta voit katsoa mink\u00e4lainen sammutin soveltuu sinun k\u00e4ytt\u00f6tarkoitukseesi. Taulukko on periaatteellinen ja ep\u00e4selviss\u00e4 tapauksissa kannattaa ottaa yhteytt\u00e4 meihin.<em>&nbsp;<\/em><\/p>\n\n\n\n<figure class=\"wp-block-image size-large\"><img decoding=\"async\" loading=\"lazy\" width=\"915\" height=\"1024\" src=\"https:\/\/kotkansammutinhuolto.fi\/wp-content\/uploads\/2021\/06\/sammuttimen_valinta-915x1024.png\" alt=\"\" class=\"wp-image-148\" srcset=\"https:\/\/kotkansammutinhuolto.fi\/wp-content\/uploads\/2021\/06\/sammuttimen_valinta-915x1024.png 915w, https:\/\/kotkansammutinhuolto.fi\/wp-content\/uploads\/2021\/06\/sammuttimen_valinta-268x300.png 268w, https:\/\/kotkansammutinhuolto.fi\/wp-content\/uploads\/2021\/06\/sammuttimen_valinta-768x860.png 768w, https:\/\/kotkansammutinhuolto.fi\/wp-content\/uploads\/2021\/06\/sammuttimen_valinta-1372x1536.png 1372w, https:\/\/kotkansammutinhuolto.fi\/wp-content\/uploads\/2021\/06\/sammuttimen_valinta.png 1500w\" sizes=\"(max-width: 915px) 100vw, 915px\" \/><\/figure>\n","protected":false},"excerpt":{"rendered":"<p>&nbsp; Sammuttimen valintataulukko &nbsp; Alla olevasta taulukosta voit katsoa mink\u00e4lainen sammutin soveltuu sinun k\u00e4ytt\u00f6tarkoitukseesi. Taulukko on periaatteellinen ja ep\u00e4selviss\u00e4 tapauksissa&hellip;<\/p>\n","protected":false},"author":1,"featured_media":0,"parent":0,"menu_order":0,"comment_status":"closed","ping_status":"closed","template":"","meta":[],"_links":{"self":[{"href":"https:\/\/kotkansammutinhuolto.fi\/index.php\/wp-json\/wp\/v2\/pages\/84"}],"collection":[{"href":"https:\/\/kotkansammutinhuolto.fi\/index.php\/wp-json\/wp\/v2\/pages"}],"about":[{"href":"https:\/\/kotkansammutinhuolto.fi\/index.php\/wp-json\/wp\/v2\/types\/page"}],"author":[{"embeddable":true,"href":"https:\/\/kotkansammutinhuolto.fi\/index.php\/wp-json\/wp\/v2\/users\/1"}],"replies":[{"embeddable":true,"href":"https:\/\/kotkansammutinhuolto.fi\/index.php\/wp-json\/wp\/v2\/comments?post=84"}],"version-history":[{"count":2,"href":"https:\/\/kotkansammutinhuolto.fi\/index.php\/wp-json\/wp\/v2\/pages\/84\/revisions"}],"predecessor-version":[{"id":149,"href":"https:\/\/kotkansammutinhuolto.fi\/index.php\/wp-json\/wp\/v2\/pages\/84\/revisions\/149"}],"wp:attachment":[{"href":"https:\/\/kotkansammutinhuolto.fi\/index.php\/wp-json\/wp\/v2\/media?parent=84"}],"curies":[{"name":"wp","href":"https:\/\/api.w.org\/{rel}","templated":true}]}}