{"id":87,"date":"2021-01-30T11:08:35","date_gmt":"2021-01-30T11:08:35","guid":{"rendered":"https:\/\/sammutin.kotkantietokoneapu.fi\/?page_id=87"},"modified":"2023-02-27T14:23:31","modified_gmt":"2023-02-27T14:23:31","slug":"muut-tarrat-ja-opasteet","status":"publish","type":"page","link":"https:\/\/kotkansammutinhuolto.fi\/index.php\/muut-tarrat-ja-opasteet\/","title":{"rendered":"Muut tarrat ja opasteet"},"content":{"rendered":"\n<div class=\"wp-block-media-text alignwide is-stacked-on-mobile\" style=\"grid-template-columns:26% auto\"><figure class=\"wp-block-media-text__media\"><img decoding=\"async\" loading=\"lazy\" width=\"300\" height=\"127\" src=\"https:\/\/kotkansammutinhuolto.fi\/wp-content\/uploads\/2021\/01\/palosuojelu_300x.png\" alt=\"\" class=\"wp-image-91 size-full\"\/><\/figure><div class=\"wp-block-media-text__content\">\n<p class=\"has-large-font-size\">Palosuojelutarrat ja -opasteet<\/p>\n<\/div><\/div>\n\n\n\n<div class=\"wp-block-media-text alignwide is-stacked-on-mobile\" style=\"grid-template-columns:26% auto\"><figure class=\"wp-block-media-text__media\"><img decoding=\"async\" loading=\"lazy\" width=\"360\" height=\"114\" src=\"https:\/\/kotkansammutinhuolto.fi\/wp-content\/uploads\/2021\/01\/poistumiestiemerkit_360x.png\" alt=\"\" class=\"wp-image-92 size-full\" srcset=\"https:\/\/kotkansammutinhuolto.fi\/wp-content\/uploads\/2021\/01\/poistumiestiemerkit_360x.png 360w, https:\/\/kotkansammutinhuolto.fi\/wp-content\/uploads\/2021\/01\/poistumiestiemerkit_360x-300x95.png 300w\" sizes=\"(max-width: 360px) 100vw, 360px\" \/><\/figure><div class=\"wp-block-media-text__content\">\n<p class=\"has-large-font-size\">Poistumistietarrat ja -opasteet<\/p>\n<\/div><\/div>\n\n\n\n<p class=\"has-text-align-left\"><\/p>\n\n\n\n<h1 class=\"has-vivid-red-color has-text-color\" id=\"madpages_element_title_2_kskpage_1\">Palosuojelu- ja poistumistietarrat ja opasteet<\/h1>\n\n\n\n<p><em>\u00a0<\/em>Kotkan Sammutinhuollosta erilaisia tarroja ja opasteita lis\u00e4\u00e4m\u00e4\u00e4n turvallisuutta.<\/p>\n","protected":false},"excerpt":{"rendered":"<p>Palosuojelutarrat ja -opasteet Poistumistietarrat ja -opasteet Palosuojelu- ja poistumistietarrat ja opasteet \u00a0Kotkan Sammutinhuollosta erilaisia tarroja ja opasteita lis\u00e4\u00e4m\u00e4\u00e4n turvallisuutta.<\/p>\n","protected":false},"author":1,"featured_media":0,"parent":0,"menu_order":0,"comment_status":"closed","ping_status":"closed","template":"","meta":[],"_links":{"self":[{"href":"https:\/\/kotkansammutinhuolto.fi\/index.php\/wp-json\/wp\/v2\/pages\/87"}],"collection":[{"href":"https:\/\/kotkansammutinhuolto.fi\/index.php\/wp-json\/wp\/v2\/pages"}],"about":[{"href":"https:\/\/kotkansammutinhuolto.fi\/index.php\/wp-json\/wp\/v2\/types\/page"}],"author":[{"embeddable":true,"href":"https:\/\/kotkansammutinhuolto.fi\/index.php\/wp-json\/wp\/v2\/users\/1"}],"replies":[{"embeddable":true,"href":"https:\/\/kotkansammutinhuolto.fi\/index.php\/wp-json\/wp\/v2\/comments?post=87"}],"version-history":[{"count":1,"href":"https:\/\/kotkansammutinhuolto.fi\/index.php\/wp-json\/wp\/v2\/pages\/87\/revisions"}],"predecessor-version":[{"id":251,"href":"https:\/\/kotkansammutinhuolto.fi\/index.php\/wp-json\/wp\/v2\/pages\/87\/revisions\/251"}],"wp:attachment":[{"href":"https:\/\/kotkansammutinhuolto.fi\/index.php\/wp-json\/wp\/v2\/media?parent=87"}],"curies":[{"name":"wp","href":"https:\/\/api.w.org\/{rel}","templated":true}]}}