{"id":95,"date":"2021-01-30T11:35:37","date_gmt":"2021-01-30T11:35:37","guid":{"rendered":"https:\/\/sammutin.kotkantietokoneapu.fi\/?page_id=95"},"modified":"2025-01-30T08:47:57","modified_gmt":"2025-01-30T08:47:57","slug":"woikoski-kaasumyynti","status":"publish","type":"page","link":"https:\/\/kotkansammutinhuolto.fi\/index.php\/woikoski-kaasumyynti\/","title":{"rendered":"Woikoski kaasumyynti"},"content":{"rendered":"\n<h1 id=\"madpages_element_title_1_kskpage_1\">Meilt\u00e4 Woikoski-kaasut<\/h1>\n\n\n\n<p><em>&nbsp;<\/em><\/p>\n\n\n\n<h2 id=\"madpages_element_title_2_kskpage_1\">Olemme alueen Woikosken j\u00e4lleenmyyntipiste.<\/h2>\n\n\n\n<p class=\"has-medium-font-size\">Meilt\u00e4 saa yleisimm\u00e4t teolliset kaasut sek\u00e4 kaikki neste- ja moottorikaasut<\/p>\n\n\n\n<p><em>&nbsp;<\/em><\/p>\n\n\n\n<p><em>&nbsp;<\/em><\/p>\n\n\n\n<p><em>&nbsp;<\/em><\/p>\n\n\n\n<h2 id=\"madpages_element_title_5_kskpage_1\">Myynnin yhteystiedot<\/h2>\n\n\n\n<p><em>&nbsp;<\/em><\/p>\n\n\n\n<p>Avoinna Ma-To klo 8.00-16.00, Pe 8 &#8211; 14.00<\/p>\n\n\n\n<p>Kari Miikkulainen Myynti ja Huolto Puh. +358 440 652551, kari.miikkulainen@kotkansammnutinhuolto.fi<\/p>\n\n\n\n<p>tai Pirjo Havo puh. +358 50365 4552, pirjo.havo@kotkansammutinhuolto.fi<em>&nbsp;<\/em><\/p>\n\n\n\n<div class=\"is-layout-flex wp-container-4 wp-block-columns\">\n<div class=\"is-layout-flow wp-block-column\" style=\"flex-basis:50%\">\n<div class=\"is-layout-flow wp-block-group\"><div class=\"wp-block-group__inner-container\">\n<figure class=\"wp-block-image size-large is-resized\"><a href=\"https:\/\/kotkansammutinhuolto.fi\/wp-content\/uploads\/2021\/01\/kaasupullot_400x.jpg\"><img decoding=\"async\" loading=\"lazy\" src=\"https:\/\/kotkansammutinhuolto.fi\/wp-content\/uploads\/2021\/01\/kaasupullot_400x.jpg\" alt=\"\" class=\"wp-image-96\" width=\"459\" height=\"368\" srcset=\"https:\/\/kotkansammutinhuolto.fi\/wp-content\/uploads\/2021\/01\/kaasupullot_400x.jpg 400w, https:\/\/kotkansammutinhuolto.fi\/wp-content\/uploads\/2021\/01\/kaasupullot_400x-300x241.jpg 300w\" sizes=\"(max-width: 459px) 100vw, 459px\" \/><\/a><\/figure>\n\n\n\n<p><\/p>\n<\/div><\/div>\n<\/div>\n\n\n\n<div class=\"is-layout-flow wp-block-column\" style=\"flex-basis:50%\">\n<figure class=\"wp-block-image size-large\"><a href=\"https:\/\/kotkansammutinhuolto.fi\/wp-content\/uploads\/2021\/01\/Woikoski_liikemerkki_RGB_002_325x.jpg\"><img decoding=\"async\" loading=\"lazy\" width=\"325\" height=\"78\" src=\"https:\/\/kotkansammutinhuolto.fi\/wp-content\/uploads\/2021\/01\/Woikoski_liikemerkki_RGB_002_325x.jpg\" alt=\"\" class=\"wp-image-97\" srcset=\"https:\/\/kotkansammutinhuolto.fi\/wp-content\/uploads\/2021\/01\/Woikoski_liikemerkki_RGB_002_325x.jpg 325w, https:\/\/kotkansammutinhuolto.fi\/wp-content\/uploads\/2021\/01\/Woikoski_liikemerkki_RGB_002_325x-300x72.jpg 300w\" sizes=\"(max-width: 325px) 100vw, 325px\" \/><\/a><\/figure>\n\n\n\n<figure class=\"wp-block-image size-large\"><a href=\"https:\/\/kotkansammutinhuolto.fi\/wp-content\/uploads\/2021\/01\/teolliset-kaasut_woikoski_web2-1000x1000q85_293x.jpg\"><img decoding=\"async\" loading=\"lazy\" width=\"293\" height=\"265\" src=\"https:\/\/kotkansammutinhuolto.fi\/wp-content\/uploads\/2021\/01\/teolliset-kaasut_woikoski_web2-1000x1000q85_293x.jpg\" alt=\"\" class=\"wp-image-98\"\/><\/a><\/figure>\n<\/div>\n<\/div>\n","protected":false},"excerpt":{"rendered":"<p>Meilt\u00e4 Woikoski-kaasut &nbsp; Olemme alueen Woikosken j\u00e4lleenmyyntipiste. Meilt\u00e4 saa yleisimm\u00e4t teolliset kaasut sek\u00e4 kaikki neste- ja moottorikaasut &nbsp; &nbsp; &nbsp;&hellip;<\/p>\n","protected":false},"author":1,"featured_media":0,"parent":0,"menu_order":0,"comment_status":"closed","ping_status":"closed","template":"","meta":[],"_links":{"self":[{"href":"https:\/\/kotkansammutinhuolto.fi\/index.php\/wp-json\/wp\/v2\/pages\/95"}],"collection":[{"href":"https:\/\/kotkansammutinhuolto.fi\/index.php\/wp-json\/wp\/v2\/pages"}],"about":[{"href":"https:\/\/kotkansammutinhuolto.fi\/index.php\/wp-json\/wp\/v2\/types\/page"}],"author":[{"embeddable":true,"href":"https:\/\/kotkansammutinhuolto.fi\/index.php\/wp-json\/wp\/v2\/users\/1"}],"replies":[{"embeddable":true,"href":"https:\/\/kotkansammutinhuolto.fi\/index.php\/wp-json\/wp\/v2\/comments?post=95"}],"version-history":[{"count":2,"href":"https:\/\/kotkansammutinhuolto.fi\/index.php\/wp-json\/wp\/v2\/pages\/95\/revisions"}],"predecessor-version":[{"id":326,"href":"https:\/\/kotkansammutinhuolto.fi\/index.php\/wp-json\/wp\/v2\/pages\/95\/revisions\/326"}],"wp:attachment":[{"href":"https:\/\/kotkansammutinhuolto.fi\/index.php\/wp-json\/wp\/v2\/media?parent=95"}],"curies":[{"name":"wp","href":"https:\/\/api.w.org\/{rel}","templated":true}]}}